{"id":79679,"date":"2025-09-11T22:54:09","date_gmt":"2025-09-12T01:54:09","guid":{"rendered":"https:\/\/cmdic.portablehost3.net\/?page_id=79679"},"modified":"2026-01-06T16:36:58","modified_gmt":"2026-01-06T19:36:58","slug":"redes-sociales","status":"publish","type":"page","link":"https:\/\/cmdic.portablehost3.net\/en\/modelo-de-prevencion-de-delitos-collahuasi\/redes-sociales\/","title":{"rendered":"Social Networks"},"content":{"rendered":"<p>Here you can review more posts on our social media about our Crime Prevention model.<\/p>\n<div class=\"row\">\n<div class=\"col l4 m4 s12 repeat-rrss\">\n<img decoding=\"async\" src=\"https:\/\/cmdic.portablehost3.net\/wp-content\/uploads\/2026\/01\/611123107_1200534162181843_589467282484114773_n.jpeg\" width=\"100%\" height=\"auto\" \/><\/p>\n<h4>\u00bfDe qu\u00e9 se trata la Ley 21.595<\/h4>\n<p><a href=\"https:\/\/www.linkedin.com\/posts\/collahuasicl_prevenci%C3%B3n-del-delito-activity-7412839961269456896-7136\" target=\"blank\"><i class=\"fa fa-linkedin\"><\/i><\/a><a href=\"https:\/\/www.instagram.com\/p\/DTAl5o7j0n8\/\" target=\"blank\"><i class=\"fa fa-instagram\"><\/i><\/a><a href=\"https:\/\/www.facebook.com\/share\/1DbAQNWMA4\/\" target=\"blank\"><i class=\"fa fa-facebook\"><\/i><\/a>\n<\/div>\n<div class=\"col l4 m4 s12 repeat-rrss\">\n<img decoding=\"async\" src=\"https:\/\/cmdic.portablehost3.net\/wp-content\/uploads\/2025\/10\/modelo-collahuasi-01.jpg\" width=\"100%\" height=\"auto\" \/><\/p>\n<h4>Modelo de Prevenci\u00f3n del Delito<\/h4>\n<p><a href=\"https:\/\/www.linkedin.com\/feed\/update\/urn:li:activity:7333849229162950656\" target=\"blank\"><i class=\"fa fa-linkedin\"><\/i><\/a><a href=\"https:\/\/www.instagram.com\/p\/DKen3WaOLsp\/\" target=\"blank\"><i class=\"fa fa-instagram\"><\/i><\/a><a href=\"https:\/\/www.facebook.com\/photo\/?fbid=1034745572094037&#038;set=a.443547544547179\" target=\"blank\"><i class=\"fa fa-facebook\"><\/i><\/a>\n<\/div>\n<div class=\"col l4 m4 s12 repeat-rrss\">\n<img decoding=\"async\" src=\"https:\/\/cmdic.portablehost3.net\/wp-content\/uploads\/2025\/10\/modelo-collahuasi-02.jpg\" width=\"100%\" height=\"auto\" \/><\/p>\n<h4>Comprometidos con la integridad y la transparencia<\/h4>\n<p><a href=\"https:\/\/www.linkedin.com\/posts\/collahuasicl_eres-proveedor-de-collahuasi-la-ley-activity-7340827067619401729-WNZb\/?utm_source=share&#038;utm_medium=member_desktop&#038;rcm=ACoAABcjOYkBlXTf_jZB6zTSTCe2GinTA3p7zek\" target=\"blank\"><i class=\"fa fa-linkedin\"><\/i><\/a><a href=\"https:\/\/www.instagram.com\/p\/DLA6HgHpgx6\/\" target=\"blank\"><i class=\"fa fa-instagram\"><\/i><\/a><a href=\"https:\/\/www.facebook.com\/photo\/?fbid=1044402377795023&#038;set=a.443547544547179\" target=\"blank\"><i class=\"fa fa-facebook\"><\/i><\/a>\n<\/div>\n<div class=\"col l4 m4 s12 repeat-rrss\">\n<img decoding=\"async\" src=\"https:\/\/cmdic.portablehost3.net\/wp-content\/uploads\/2025\/10\/modelo-collahuasi-03.jpg\" width=\"100%\" height=\"auto\" \/><\/p>\n<h4>La integridad tambi\u00e9n se protege con canales seguros<\/h4>\n<p><a href=\"https:\/\/www.linkedin.com\/feed\/update\/urn:li:activity:7353168780962713600\" target=\"blank\"><i class=\"fa fa-linkedin\"><\/i><\/a><a href=\"https:\/\/www.instagram.com\/p\/DMYmBO7hC3q\/?img_index=1\" target=\"blank\"><i class=\"fa fa-instagram\"><\/i><\/a><a href=\"https:\/\/www.facebook.com\/photo\/?fbid=1070182108550383&#038;set=pcb.1070182118550382\" target=\"blank\"><i class=\"fa fa-facebook\"><\/i><\/a>\n<\/div>\n<\/div>\n<p><\/p>","protected":false},"excerpt":{"rendered":"<p>Here you can review more posts on our social media about our Crime Prevention model. \u00bfDe qu\u00e9 se trata la Ley 21.595 Modelo de Prevenci\u00f3n del Delito Comprometidos con la integridad y la transparencia La integridad tambi\u00e9n se protege con canales seguros<\/p>\n","protected":false},"author":1,"featured_media":79641,"parent":79665,"menu_order":2,"comment_status":"closed","ping_status":"closed","template":"","meta":{"_acf_changed":false,"footnotes":""},"class_list":["post-79679","page","type-page","status-publish","has-post-thumbnail","hentry"],"acf":[],"yoast_head":"<!-- This site is optimized with the Yoast SEO plugin v25.7 - https:\/\/yoast.com\/wordpress\/plugins\/seo\/ -->\n<title>Social Networks | Collahuasi<\/title>\n<meta name=\"robots\" content=\"noindex, follow, max-snippet:-1, max-image-preview:large, max-video-preview:-1\" \/>\n<meta property=\"og:locale\" content=\"en_US\" \/>\n<meta property=\"og:type\" content=\"article\" \/>\n<meta property=\"og:title\" content=\"[:es]Redes Sociales[:en]Social Networks[:] | Collahuasi\" \/>\n<meta property=\"og:description\" content=\"Here you can review more posts on our social media about our Crime Prevention model. \u00bfDe qu\u00e9 se trata la Ley 21.595 Modelo de Prevenci\u00f3n del Delito Comprometidos con la integridad y la transparencia La integridad tambi\u00e9n se protege con canales seguros\" \/>\n<meta property=\"og:url\" content=\"https:\/\/cmdic.portablehost3.net\/modelo-de-prevencion-de-delitos-collahuasi\/redes-sociales\/\" \/>\n<meta property=\"og:site_name\" content=\"Collahuasi\" \/>\n<meta property=\"article:modified_time\" content=\"2026-01-06T19:36:58+00:00\" \/>\n<meta property=\"og:image\" content=\"https:\/\/cmdic.portablehost3.net\/wp-content\/uploads\/2025\/09\/Geoglifos-Pintados.jpg\" \/>\n\t<meta property=\"og:image:width\" content=\"2016\" \/>\n\t<meta property=\"og:image:height\" content=\"1512\" \/>\n\t<meta property=\"og:image:type\" content=\"image\/jpeg\" \/>\n<meta name=\"twitter:card\" content=\"summary_large_image\" \/>\n<meta name=\"twitter:label1\" content=\"Est. reading time\" \/>\n\t<meta name=\"twitter:data1\" content=\"1 minute\" \/>\n<script type=\"application\/ld+json\" class=\"yoast-schema-graph\">{\"@context\":\"https:\/\/schema.org\",\"@graph\":[{\"@type\":\"WebPage\",\"@id\":\"https:\/\/cmdic.portablehost3.net\/modelo-de-prevencion-de-delitos-collahuasi\/redes-sociales\/\",\"url\":\"https:\/\/cmdic.portablehost3.net\/modelo-de-prevencion-de-delitos-collahuasi\/redes-sociales\/\",\"name\":\"[:es]Redes Sociales[:en]Social Networks[:] | Collahuasi\",\"isPartOf\":{\"@id\":\"https:\/\/cmdic.portablehost3.net\/#website\"},\"primaryImageOfPage\":{\"@id\":\"https:\/\/cmdic.portablehost3.net\/modelo-de-prevencion-de-delitos-collahuasi\/redes-sociales\/#primaryimage\"},\"image\":{\"@id\":\"https:\/\/cmdic.portablehost3.net\/modelo-de-prevencion-de-delitos-collahuasi\/redes-sociales\/#primaryimage\"},\"thumbnailUrl\":\"https:\/\/cmdic.portablehost3.net\/wp-content\/uploads\/2025\/09\/Geoglifos-Pintados.jpg\",\"datePublished\":\"2025-09-12T01:54:09+00:00\",\"dateModified\":\"2026-01-06T19:36:58+00:00\",\"breadcrumb\":{\"@id\":\"https:\/\/cmdic.portablehost3.net\/modelo-de-prevencion-de-delitos-collahuasi\/redes-sociales\/#breadcrumb\"},\"inLanguage\":\"en-US\",\"potentialAction\":[{\"@type\":\"ReadAction\",\"target\":[\"https:\/\/cmdic.portablehost3.net\/modelo-de-prevencion-de-delitos-collahuasi\/redes-sociales\/\"]}]},{\"@type\":\"ImageObject\",\"inLanguage\":\"en-US\",\"@id\":\"https:\/\/cmdic.portablehost3.net\/modelo-de-prevencion-de-delitos-collahuasi\/redes-sociales\/#primaryimage\",\"url\":\"https:\/\/cmdic.portablehost3.net\/wp-content\/uploads\/2025\/09\/Geoglifos-Pintados.jpg\",\"contentUrl\":\"https:\/\/cmdic.portablehost3.net\/wp-content\/uploads\/2025\/09\/Geoglifos-Pintados.jpg\",\"width\":2016,\"height\":1512},{\"@type\":\"BreadcrumbList\",\"@id\":\"https:\/\/cmdic.portablehost3.net\/modelo-de-prevencion-de-delitos-collahuasi\/redes-sociales\/#breadcrumb\",\"itemListElement\":[{\"@type\":\"ListItem\",\"position\":1,\"name\":\"Home\",\"item\":\"https:\/\/cmdic.portablehost3.net\/\"},{\"@type\":\"ListItem\",\"position\":2,\"name\":\"Ley N\u00b0 21.595 de Delitos Econ\u00f3micos y Atentados contra el Medio Ambiente &#8211; Modelo de Prevenci\u00f3n de Delitos Collahuasi\",\"item\":\"https:\/\/cmdic.portablehost3.net\/modelo-de-prevencion-de-delitos-collahuasi\/\"},{\"@type\":\"ListItem\",\"position\":3,\"name\":\"Redes Sociales\"}]},{\"@type\":\"WebSite\",\"@id\":\"https:\/\/cmdic.portablehost3.net\/#website\",\"url\":\"https:\/\/cmdic.portablehost3.net\/\",\"name\":\"Collahuasi\",\"description\":\"Mucho m\u00e1s que Cobre\",\"potentialAction\":[{\"@type\":\"SearchAction\",\"target\":{\"@type\":\"EntryPoint\",\"urlTemplate\":\"https:\/\/cmdic.portablehost3.net\/?s={search_term_string}\"},\"query-input\":{\"@type\":\"PropertyValueSpecification\",\"valueRequired\":true,\"valueName\":\"search_term_string\"}}],\"inLanguage\":\"en-US\"}]}<\/script>\n<!-- \/ Yoast SEO plugin. -->","yoast_head_json":{"title":"[:es]Redes Sociales[:en]Social Networks[:] | Collahuasi","robots":{"index":"noindex","follow":"follow","max-snippet":"max-snippet:-1","max-image-preview":"max-image-preview:large","max-video-preview":"max-video-preview:-1"},"og_locale":"en_US","og_type":"article","og_title":"[:es]Redes Sociales[:en]Social Networks[:] | Collahuasi","og_description":"Here you can review more posts on our social media about our Crime Prevention model. \u00bfDe qu\u00e9 se trata la Ley 21.595 Modelo de Prevenci\u00f3n del Delito Comprometidos con la integridad y la transparencia La integridad tambi\u00e9n se protege con canales seguros","og_url":"https:\/\/cmdic.portablehost3.net\/modelo-de-prevencion-de-delitos-collahuasi\/redes-sociales\/","og_site_name":"Collahuasi","article_modified_time":"2026-01-06T19:36:58+00:00","og_image":[{"width":2016,"height":1512,"url":"https:\/\/cmdic.portablehost3.net\/wp-content\/uploads\/2025\/09\/Geoglifos-Pintados.jpg","type":"image\/jpeg"}],"twitter_card":"summary_large_image","twitter_misc":{"Est. reading time":"1 minute"},"schema":{"@context":"https:\/\/schema.org","@graph":[{"@type":"WebPage","@id":"https:\/\/cmdic.portablehost3.net\/modelo-de-prevencion-de-delitos-collahuasi\/redes-sociales\/","url":"https:\/\/cmdic.portablehost3.net\/modelo-de-prevencion-de-delitos-collahuasi\/redes-sociales\/","name":"[:es]Redes Sociales[:en]Social Networks[:] | Collahuasi","isPartOf":{"@id":"https:\/\/cmdic.portablehost3.net\/#website"},"primaryImageOfPage":{"@id":"https:\/\/cmdic.portablehost3.net\/modelo-de-prevencion-de-delitos-collahuasi\/redes-sociales\/#primaryimage"},"image":{"@id":"https:\/\/cmdic.portablehost3.net\/modelo-de-prevencion-de-delitos-collahuasi\/redes-sociales\/#primaryimage"},"thumbnailUrl":"https:\/\/cmdic.portablehost3.net\/wp-content\/uploads\/2025\/09\/Geoglifos-Pintados.jpg","datePublished":"2025-09-12T01:54:09+00:00","dateModified":"2026-01-06T19:36:58+00:00","breadcrumb":{"@id":"https:\/\/cmdic.portablehost3.net\/modelo-de-prevencion-de-delitos-collahuasi\/redes-sociales\/#breadcrumb"},"inLanguage":"en-US","potentialAction":[{"@type":"ReadAction","target":["https:\/\/cmdic.portablehost3.net\/modelo-de-prevencion-de-delitos-collahuasi\/redes-sociales\/"]}]},{"@type":"ImageObject","inLanguage":"en-US","@id":"https:\/\/cmdic.portablehost3.net\/modelo-de-prevencion-de-delitos-collahuasi\/redes-sociales\/#primaryimage","url":"https:\/\/cmdic.portablehost3.net\/wp-content\/uploads\/2025\/09\/Geoglifos-Pintados.jpg","contentUrl":"https:\/\/cmdic.portablehost3.net\/wp-content\/uploads\/2025\/09\/Geoglifos-Pintados.jpg","width":2016,"height":1512},{"@type":"BreadcrumbList","@id":"https:\/\/cmdic.portablehost3.net\/modelo-de-prevencion-de-delitos-collahuasi\/redes-sociales\/#breadcrumb","itemListElement":[{"@type":"ListItem","position":1,"name":"Home","item":"https:\/\/cmdic.portablehost3.net\/"},{"@type":"ListItem","position":2,"name":"Ley N\u00b0 21.595 de Delitos Econ\u00f3micos y Atentados contra el Medio Ambiente &#8211; Modelo de Prevenci\u00f3n de Delitos Collahuasi","item":"https:\/\/cmdic.portablehost3.net\/modelo-de-prevencion-de-delitos-collahuasi\/"},{"@type":"ListItem","position":3,"name":"Redes Sociales"}]},{"@type":"WebSite","@id":"https:\/\/cmdic.portablehost3.net\/#website","url":"https:\/\/cmdic.portablehost3.net\/","name":"Collahuasi","description":"Mucho m\u00e1s que Cobre","potentialAction":[{"@type":"SearchAction","target":{"@type":"EntryPoint","urlTemplate":"https:\/\/cmdic.portablehost3.net\/?s={search_term_string}"},"query-input":{"@type":"PropertyValueSpecification","valueRequired":true,"valueName":"search_term_string"}}],"inLanguage":"en-US"}]}},"_links":{"self":[{"href":"https:\/\/cmdic.portablehost3.net\/en\/wp-json\/wp\/v2\/pages\/79679","targetHints":{"allow":["GET"]}}],"collection":[{"href":"https:\/\/cmdic.portablehost3.net\/en\/wp-json\/wp\/v2\/pages"}],"about":[{"href":"https:\/\/cmdic.portablehost3.net\/en\/wp-json\/wp\/v2\/types\/page"}],"author":[{"embeddable":true,"href":"https:\/\/cmdic.portablehost3.net\/en\/wp-json\/wp\/v2\/users\/1"}],"replies":[{"embeddable":true,"href":"https:\/\/cmdic.portablehost3.net\/en\/wp-json\/wp\/v2\/comments?post=79679"}],"version-history":[{"count":10,"href":"https:\/\/cmdic.portablehost3.net\/en\/wp-json\/wp\/v2\/pages\/79679\/revisions"}],"predecessor-version":[{"id":80017,"href":"https:\/\/cmdic.portablehost3.net\/en\/wp-json\/wp\/v2\/pages\/79679\/revisions\/80017"}],"up":[{"embeddable":true,"href":"https:\/\/cmdic.portablehost3.net\/en\/wp-json\/wp\/v2\/pages\/79665"}],"wp:featuredmedia":[{"embeddable":true,"href":"https:\/\/cmdic.portablehost3.net\/en\/wp-json\/wp\/v2\/media\/79641"}],"wp:attachment":[{"href":"https:\/\/cmdic.portablehost3.net\/en\/wp-json\/wp\/v2\/media?parent=79679"}],"curies":[{"name":"wp","href":"https:\/\/api.w.org\/{rel}","templated":true}]}}