{"id":77763,"date":"2023-10-06T07:48:04","date_gmt":"2023-10-06T07:48:04","guid":{"rendered":"https:\/\/cmdic.portablehost3.net\/?page_id=77763"},"modified":"2024-10-07T11:57:31","modified_gmt":"2024-10-07T14:57:31","slug":"programa-aprendices-operadores","status":"publish","type":"page","link":"https:\/\/cmdic.portablehost3.net\/en\/trabaja-con-nosotros\/programa-aprendices-operadores\/","title":{"rendered":"Apprentice Operators Program"},"content":{"rendered":"<p><\/p>\n<h3>JOIN THE MINING INDUSTRY<\/h3>\n<p>Compa\u00f1\u00eda Minera Do\u00f1a In\u00e9s de Collahuasi calls on young people aged 18 to 24 to prepare for the upcoming application dates for the <strong>Apprentice Operators Program.<\/strong><\/p>\n<h3>APPLICATION REQUIREMENTS<\/h3>\n<ul>\n<li>Completed secondary education at a high school in the Tarapac\u00e1 Region.<\/li>\n<li>Complete secondary education at the time of application.<\/li>\n<li>Be between 18 and 24 years old at the time of application.<\/li>\n<li>Provide proof of residence in the Tarapac\u00e1 region.<\/li>\n<li>Hold a Class B driver&#8217;s license at the time of application (required) and a Class D license (not mandatory).<\/li>\n<li>Health condition suitable for performing activities at high altitudes.<\/li>\n<li>Availability to undertake the program with full-day exclusive dedication.<\/li>\n<li>Must not have had a contract with the company.<\/li>\n<\/ul>\n<p>At Collahuasi, we are committed to the development of young people in the region. We seek individuals with a genuine interest in the workforce of a mining operation.<\/p>","protected":false},"excerpt":{"rendered":"<p>JOIN THE MINING INDUSTRY Compa\u00f1\u00eda Minera Do\u00f1a In\u00e9s de Collahuasi calls on young people aged 18 to 24 to prepare for the upcoming application dates for the Apprentice Operators Program. APPLICATION REQUIREMENTS Completed secondary education at a high school in the Tarapac\u00e1 Region. Complete secondary education at the time of application. Be between 18 and [&hellip;]<\/p>\n","protected":false},"author":2,"featured_media":77774,"parent":48,"menu_order":4,"comment_status":"closed","ping_status":"closed","template":"","meta":{"_acf_changed":false,"footnotes":""},"class_list":["post-77763","page","type-page","status-publish","has-post-thumbnail","hentry"],"acf":[],"yoast_head":"<!-- This site is optimized with the Yoast SEO plugin v25.7 - https:\/\/yoast.com\/wordpress\/plugins\/seo\/ -->\n<title>Apprentice Operators Program | Collahuasi<\/title>\n<meta name=\"description\" content=\"Compa\u00f1\u00eda Minera Do\u00f1a In\u00e9s de Collahuasi hace un llamado a los j\u00f3venes de entre 18 y 24 a\u00f1os 6 meses a prepararse para las pr\u00f3ximas fechas de postulaci\u00f3n al\u00a0Programa Aprendices Operadores.\" \/>\n<meta name=\"robots\" content=\"noindex, follow, max-snippet:-1, max-image-preview:large, max-video-preview:-1\" \/>\n<meta property=\"og:locale\" content=\"en_US\" \/>\n<meta property=\"og:type\" content=\"article\" \/>\n<meta property=\"og:title\" content=\"Programa Aprendices Operadores\" \/>\n<meta property=\"og:description\" content=\"S\u00famate a la Industria MineraCompa\u00f1\u00eda Minera Do\u00f1a In\u00e9s de Collahuasi hace un llamado a los j\u00f3venes de entre 18 y 24 a\u00f1os 6 meses a prepararse para las pr\u00f3ximas fechas de postulaci\u00f3n al\u00a0Programa Aprendices Operadores\" \/>\n<meta property=\"og:url\" content=\"https:\/\/cmdic.portablehost3.net\/trabaja-con-nosotros\/programa-aprendices-operadores\/\" \/>\n<meta property=\"og:site_name\" content=\"Collahuasi\" \/>\n<meta property=\"article:modified_time\" content=\"2024-10-07T14:57:31+00:00\" \/>\n<meta property=\"og:image\" content=\"https:\/\/cmdic.portablehost3.net\/wp-content\/uploads\/2023\/10\/Programa-Aprendices-Operadores2x-min.jpg\" \/>\n\t<meta property=\"og:image:width\" content=\"2560\" \/>\n\t<meta property=\"og:image:height\" content=\"1600\" \/>\n\t<meta property=\"og:image:type\" content=\"image\/jpeg\" \/>\n<meta name=\"twitter:card\" content=\"summary_large_image\" \/>\n<meta name=\"twitter:title\" content=\"Programa Aprendices Operadores\" \/>\n<meta name=\"twitter:description\" content=\"S\u00famate a la Industria MineraCompa\u00f1\u00eda Minera Do\u00f1a In\u00e9s de Collahuasi hace un llamado a los j\u00f3venes de entre 18 y 24 a\u00f1os 6 meses a prepararse para las pr\u00f3ximas fechas de postulaci\u00f3n al\u00a0Programa Aprendices Operadores\" \/>\n<meta name=\"twitter:image\" content=\"https:\/\/cmdic.portablehost3.net\/wp-content\/uploads\/2023\/10\/Programa-Aprendices-Operadores2x-min.jpg\" \/>\n<meta name=\"twitter:label1\" content=\"Est. reading time\" \/>\n\t<meta name=\"twitter:data1\" content=\"1 minute\" \/>\n<script type=\"application\/ld+json\" class=\"yoast-schema-graph\">{\"@context\":\"https:\/\/schema.org\",\"@graph\":[{\"@type\":\"WebPage\",\"@id\":\"https:\/\/cmdic.portablehost3.net\/trabaja-con-nosotros\/programa-aprendices-operadores\/\",\"url\":\"https:\/\/cmdic.portablehost3.net\/trabaja-con-nosotros\/programa-aprendices-operadores\/\",\"name\":\"[:es]Programa Aprendices Operadores[:en]Apprentice Operators Program[:] | Collahuasi\",\"isPartOf\":{\"@id\":\"https:\/\/cmdic.portablehost3.net\/#website\"},\"primaryImageOfPage\":{\"@id\":\"https:\/\/cmdic.portablehost3.net\/trabaja-con-nosotros\/programa-aprendices-operadores\/#primaryimage\"},\"image\":{\"@id\":\"https:\/\/cmdic.portablehost3.net\/trabaja-con-nosotros\/programa-aprendices-operadores\/#primaryimage\"},\"thumbnailUrl\":\"https:\/\/cmdic.portablehost3.net\/wp-content\/uploads\/2023\/10\/Programa-Aprendices-Operadores2x-min.jpg\",\"datePublished\":\"2023-10-06T07:48:04+00:00\",\"dateModified\":\"2024-10-07T14:57:31+00:00\",\"description\":\"Compa\u00f1\u00eda Minera Do\u00f1a In\u00e9s de Collahuasi hace un llamado a los j\u00f3venes de entre 18 y 24 a\u00f1os 6 meses a prepararse para las pr\u00f3ximas fechas de postulaci\u00f3n al\u00a0Programa Aprendices Operadores.\",\"breadcrumb\":{\"@id\":\"https:\/\/cmdic.portablehost3.net\/trabaja-con-nosotros\/programa-aprendices-operadores\/#breadcrumb\"},\"inLanguage\":\"en-US\",\"potentialAction\":[{\"@type\":\"ReadAction\",\"target\":[\"https:\/\/cmdic.portablehost3.net\/trabaja-con-nosotros\/programa-aprendices-operadores\/\"]}]},{\"@type\":\"ImageObject\",\"inLanguage\":\"en-US\",\"@id\":\"https:\/\/cmdic.portablehost3.net\/trabaja-con-nosotros\/programa-aprendices-operadores\/#primaryimage\",\"url\":\"https:\/\/cmdic.portablehost3.net\/wp-content\/uploads\/2023\/10\/Programa-Aprendices-Operadores2x-min.jpg\",\"contentUrl\":\"https:\/\/cmdic.portablehost3.net\/wp-content\/uploads\/2023\/10\/Programa-Aprendices-Operadores2x-min.jpg\",\"width\":2560,\"height\":1600},{\"@type\":\"BreadcrumbList\",\"@id\":\"https:\/\/cmdic.portablehost3.net\/trabaja-con-nosotros\/programa-aprendices-operadores\/#breadcrumb\",\"itemListElement\":[{\"@type\":\"ListItem\",\"position\":1,\"name\":\"Home\",\"item\":\"https:\/\/cmdic.portablehost3.net\/\"},{\"@type\":\"ListItem\",\"position\":2,\"name\":\"Trabaja con nosotros\",\"item\":\"https:\/\/cmdic.portablehost3.net\/trabaja-con-nosotros\/\"},{\"@type\":\"ListItem\",\"position\":3,\"name\":\"Programa Aprendices Operadores\"}]},{\"@type\":\"WebSite\",\"@id\":\"https:\/\/cmdic.portablehost3.net\/#website\",\"url\":\"https:\/\/cmdic.portablehost3.net\/\",\"name\":\"Collahuasi\",\"description\":\"Mucho m\u00e1s que Cobre\",\"potentialAction\":[{\"@type\":\"SearchAction\",\"target\":{\"@type\":\"EntryPoint\",\"urlTemplate\":\"https:\/\/cmdic.portablehost3.net\/?s={search_term_string}\"},\"query-input\":{\"@type\":\"PropertyValueSpecification\",\"valueRequired\":true,\"valueName\":\"search_term_string\"}}],\"inLanguage\":\"en-US\"}]}<\/script>\n<!-- \/ Yoast SEO plugin. -->","yoast_head_json":{"title":"[:es]Programa Aprendices Operadores[:en]Apprentice Operators Program[:] | Collahuasi","description":"Compa\u00f1\u00eda Minera Do\u00f1a In\u00e9s de Collahuasi hace un llamado a los j\u00f3venes de entre 18 y 24 a\u00f1os 6 meses a prepararse para las pr\u00f3ximas fechas de postulaci\u00f3n al\u00a0Programa Aprendices Operadores.","robots":{"index":"noindex","follow":"follow","max-snippet":"max-snippet:-1","max-image-preview":"max-image-preview:large","max-video-preview":"max-video-preview:-1"},"og_locale":"en_US","og_type":"article","og_title":"Programa Aprendices Operadores","og_description":"S\u00famate a la Industria MineraCompa\u00f1\u00eda Minera Do\u00f1a In\u00e9s de Collahuasi hace un llamado a los j\u00f3venes de entre 18 y 24 a\u00f1os 6 meses a prepararse para las pr\u00f3ximas fechas de postulaci\u00f3n al\u00a0Programa Aprendices Operadores","og_url":"https:\/\/cmdic.portablehost3.net\/trabaja-con-nosotros\/programa-aprendices-operadores\/","og_site_name":"Collahuasi","article_modified_time":"2024-10-07T14:57:31+00:00","og_image":[{"width":2560,"height":1600,"url":"https:\/\/cmdic.portablehost3.net\/wp-content\/uploads\/2023\/10\/Programa-Aprendices-Operadores2x-min.jpg","type":"image\/jpeg"}],"twitter_card":"summary_large_image","twitter_title":"Programa Aprendices Operadores","twitter_description":"S\u00famate a la Industria MineraCompa\u00f1\u00eda Minera Do\u00f1a In\u00e9s de Collahuasi hace un llamado a los j\u00f3venes de entre 18 y 24 a\u00f1os 6 meses a prepararse para las pr\u00f3ximas fechas de postulaci\u00f3n al\u00a0Programa Aprendices Operadores","twitter_image":"https:\/\/cmdic.portablehost3.net\/wp-content\/uploads\/2023\/10\/Programa-Aprendices-Operadores2x-min.jpg","twitter_misc":{"Est. reading time":"1 minute"},"schema":{"@context":"https:\/\/schema.org","@graph":[{"@type":"WebPage","@id":"https:\/\/cmdic.portablehost3.net\/trabaja-con-nosotros\/programa-aprendices-operadores\/","url":"https:\/\/cmdic.portablehost3.net\/trabaja-con-nosotros\/programa-aprendices-operadores\/","name":"[:es]Programa Aprendices Operadores[:en]Apprentice Operators Program[:] | Collahuasi","isPartOf":{"@id":"https:\/\/cmdic.portablehost3.net\/#website"},"primaryImageOfPage":{"@id":"https:\/\/cmdic.portablehost3.net\/trabaja-con-nosotros\/programa-aprendices-operadores\/#primaryimage"},"image":{"@id":"https:\/\/cmdic.portablehost3.net\/trabaja-con-nosotros\/programa-aprendices-operadores\/#primaryimage"},"thumbnailUrl":"https:\/\/cmdic.portablehost3.net\/wp-content\/uploads\/2023\/10\/Programa-Aprendices-Operadores2x-min.jpg","datePublished":"2023-10-06T07:48:04+00:00","dateModified":"2024-10-07T14:57:31+00:00","description":"Compa\u00f1\u00eda Minera Do\u00f1a In\u00e9s de Collahuasi hace un llamado a los j\u00f3venes de entre 18 y 24 a\u00f1os 6 meses a prepararse para las pr\u00f3ximas fechas de postulaci\u00f3n al\u00a0Programa Aprendices Operadores.","breadcrumb":{"@id":"https:\/\/cmdic.portablehost3.net\/trabaja-con-nosotros\/programa-aprendices-operadores\/#breadcrumb"},"inLanguage":"en-US","potentialAction":[{"@type":"ReadAction","target":["https:\/\/cmdic.portablehost3.net\/trabaja-con-nosotros\/programa-aprendices-operadores\/"]}]},{"@type":"ImageObject","inLanguage":"en-US","@id":"https:\/\/cmdic.portablehost3.net\/trabaja-con-nosotros\/programa-aprendices-operadores\/#primaryimage","url":"https:\/\/cmdic.portablehost3.net\/wp-content\/uploads\/2023\/10\/Programa-Aprendices-Operadores2x-min.jpg","contentUrl":"https:\/\/cmdic.portablehost3.net\/wp-content\/uploads\/2023\/10\/Programa-Aprendices-Operadores2x-min.jpg","width":2560,"height":1600},{"@type":"BreadcrumbList","@id":"https:\/\/cmdic.portablehost3.net\/trabaja-con-nosotros\/programa-aprendices-operadores\/#breadcrumb","itemListElement":[{"@type":"ListItem","position":1,"name":"Home","item":"https:\/\/cmdic.portablehost3.net\/"},{"@type":"ListItem","position":2,"name":"Trabaja con nosotros","item":"https:\/\/cmdic.portablehost3.net\/trabaja-con-nosotros\/"},{"@type":"ListItem","position":3,"name":"Programa Aprendices Operadores"}]},{"@type":"WebSite","@id":"https:\/\/cmdic.portablehost3.net\/#website","url":"https:\/\/cmdic.portablehost3.net\/","name":"Collahuasi","description":"Mucho m\u00e1s que Cobre","potentialAction":[{"@type":"SearchAction","target":{"@type":"EntryPoint","urlTemplate":"https:\/\/cmdic.portablehost3.net\/?s={search_term_string}"},"query-input":{"@type":"PropertyValueSpecification","valueRequired":true,"valueName":"search_term_string"}}],"inLanguage":"en-US"}]}},"_links":{"self":[{"href":"https:\/\/cmdic.portablehost3.net\/en\/wp-json\/wp\/v2\/pages\/77763","targetHints":{"allow":["GET"]}}],"collection":[{"href":"https:\/\/cmdic.portablehost3.net\/en\/wp-json\/wp\/v2\/pages"}],"about":[{"href":"https:\/\/cmdic.portablehost3.net\/en\/wp-json\/wp\/v2\/types\/page"}],"author":[{"embeddable":true,"href":"https:\/\/cmdic.portablehost3.net\/en\/wp-json\/wp\/v2\/users\/2"}],"replies":[{"embeddable":true,"href":"https:\/\/cmdic.portablehost3.net\/en\/wp-json\/wp\/v2\/comments?post=77763"}],"version-history":[{"count":11,"href":"https:\/\/cmdic.portablehost3.net\/en\/wp-json\/wp\/v2\/pages\/77763\/revisions"}],"predecessor-version":[{"id":78788,"href":"https:\/\/cmdic.portablehost3.net\/en\/wp-json\/wp\/v2\/pages\/77763\/revisions\/78788"}],"up":[{"embeddable":true,"href":"https:\/\/cmdic.portablehost3.net\/en\/wp-json\/wp\/v2\/pages\/48"}],"wp:featuredmedia":[{"embeddable":true,"href":"https:\/\/cmdic.portablehost3.net\/en\/wp-json\/wp\/v2\/media\/77774"}],"wp:attachment":[{"href":"https:\/\/cmdic.portablehost3.net\/en\/wp-json\/wp\/v2\/media?parent=77763"}],"curies":[{"name":"wp","href":"https:\/\/api.w.org\/{rel}","templated":true}]}}