{"id":77761,"date":"2023-10-06T07:47:45","date_gmt":"2023-10-06T07:47:45","guid":{"rendered":"https:\/\/cmdic.portablehost3.net\/?page_id=77761"},"modified":"2025-10-11T17:21:11","modified_gmt":"2025-10-11T20:21:11","slug":"postula-a-practicas-y-memorias-en-collahuasi","status":"publish","type":"page","link":"https:\/\/cmdic.portablehost3.net\/en\/trabaja-con-nosotros\/postula-a-practicas-y-memorias-en-collahuasi\/","title":{"rendered":"Applications for Collahuasi Internships and Reports"},"content":{"rendered":"<p><iframe loading=\"lazy\" style=\"margin-bottom: 20px;\" title=\"YouTube video player\" src=\"https:\/\/www.youtube.com\/embed\/knFWCwksQjo?si=VDemNPxIi1ViW1Gh&amp;rel=0 \" width=\"100%\" height=\"360\" frameborder=\"0\" allowfullscreen=\"allowfullscreen\"><\/iframe><\/p>\n<p>Our Internship and Thesis program seeks to identify diverse talent among young people starting out in the workforce, offering them the opportunity to develop key skills for their professional growth while meeting the requirements of our processes.<\/p>\n<p>This program is projected to be a priority source of entry into Collahuasi&#8217;s Professionals in Training (PEE) Programs and, eventually, into front-line supervisory positions.<\/p>\n<ul>\n<li>Program start: January 2026<\/li>\n<li>Internship duration: 2 months<\/li>\n<li>Thesis duration: 6 months<\/li>\n<\/ul>\n<p>The application requirements are:<\/p>\n<p style=\"text-align: justify;\">1.-Be a regular undergraduate student at a university recognized by the State and be in the last two years of academic training in the case of internships and in the last year in the case of dissertations, in one of the following areas:<\/p>\n<table class=\"table-practicas\" border=\"0\" width=\"100%\" cellspacing=\"0\" cellpadding=\"0\">\n<tbody>\n<tr>\n<td><strong>\u00c1rea<\/strong><\/td>\n<td><strong>Required Specialties<\/strong><\/td>\n<\/tr>\n<tr>\n<td>Civil Engineering<\/td>\n<td>Mining, Mechanics, Metallurgy, Electricity, Electronics, Industrial Engineering, Chemistry, Computer Science, Mathematics, Environmental Engineering, Civil Works, Hydraulics, Telecommunications, Telematics, Data Science, or related fields.<\/td>\n<\/tr>\n<tr>\n<td>Geosciences and Biology<\/td>\n<td>Geology, Biology, Agronomy, Natural Resources Engineering or related fields.<\/td>\n<\/tr>\n<tr>\n<td>Social and Administration<\/td>\n<td>Commercial Engineering, Accounting, Management Control, Sociology, Psychology, Law or related fields.<\/td>\n<\/tr>\n<\/tbody>\n<\/table>\n<p style=\"text-align: justify;\">2.- Present a transcript of grades for the entire academic period and a certificate of internship or report issued by the University.<\/p>\n<p style=\"text-align: justify;\">This job offer is governed by Law No. 21,275, which promotes the inclusion of people with disabilities in the workforce. If you qualify, please attach the relevant documentation when applying.<\/p>\n<p><strong>Applications are due by October 10, 2025.<\/strong><\/p>\n<p style=\"text-align: justify;\">For this purpose, we invite interested young people who meet the requirements to apply using the form below:<\/p>\n<p><strong>APPLICATIONS CLOSED<\/strong><\/p>","protected":false},"excerpt":{"rendered":"<p>Our Internship and Thesis program seeks to identify diverse talent among young people starting out in the workforce, offering them the opportunity to develop key skills for their professional growth while meeting the requirements of our processes. This program is projected to be a priority source of entry into Collahuasi&#8217;s Professionals in Training (PEE) Programs [&hellip;]<\/p>\n","protected":false},"author":2,"featured_media":78684,"parent":48,"menu_order":1,"comment_status":"closed","ping_status":"closed","template":"","meta":{"_acf_changed":false,"footnotes":""},"class_list":["post-77761","page","type-page","status-publish","has-post-thumbnail","hentry"],"acf":[],"yoast_head":"<!-- This site is optimized with the Yoast SEO plugin v25.7 - https:\/\/yoast.com\/wordpress\/plugins\/seo\/ -->\n<title>Applications for Collahuasi Internships and Reports | Collahuasi<\/title>\n<meta name=\"description\" content=\"Este programa tiene como objetivo, respecto del inter\u00e9s de los j\u00f3venes, brindarles la oportunidad de aplicar los conocimientos te\u00f3ricos adquiridos en sus estudios profesionales en un entorno real, como una transici\u00f3n al mundo laboral.\" \/>\n<meta name=\"robots\" content=\"noindex, follow, max-snippet:-1, max-image-preview:large, max-video-preview:-1\" \/>\n<meta property=\"og:locale\" content=\"en_US\" \/>\n<meta property=\"og:type\" content=\"article\" \/>\n<meta property=\"og:title\" content=\"Postula a Pr\u00e1cticas y Memorias en Collahuasi\" \/>\n<meta property=\"og:description\" content=\"Este programa tiene como objetivo, respecto del inter\u00e9s de los j\u00f3venes, brindarles la oportunidad de aplicar los conocimientos te\u00f3ricos adquiridos en sus estudios profesionales en un entorno real, como una transici\u00f3n al mundo laboral.\" \/>\n<meta property=\"og:url\" content=\"https:\/\/cmdic.portablehost3.net\/trabaja-con-nosotros\/postula-a-practicas-y-memorias-en-collahuasi\/\" \/>\n<meta property=\"og:site_name\" content=\"Collahuasi\" \/>\n<meta property=\"article:modified_time\" content=\"2025-10-11T20:21:11+00:00\" \/>\n<meta property=\"og:image\" content=\"https:\/\/cmdic.portablehost3.net\/wp-content\/uploads\/2023\/10\/Postula-a-Practicas-y-Memorias-en-Collahuasi2x-min.jpg\" \/>\n\t<meta property=\"og:image:width\" content=\"2560\" \/>\n\t<meta property=\"og:image:height\" content=\"1600\" \/>\n\t<meta property=\"og:image:type\" content=\"image\/jpeg\" \/>\n<meta name=\"twitter:card\" content=\"summary_large_image\" \/>\n<meta name=\"twitter:title\" content=\"Postula a Pr\u00e1cticas y Memorias en Collahuasi\" \/>\n<meta name=\"twitter:description\" content=\"Este programa tiene como objetivo, respecto del inter\u00e9s de los j\u00f3venes, brindarles la oportunidad de aplicar los conocimientos te\u00f3ricos adquiridos en sus estudios profesionales en un entorno real, como una transici\u00f3n al mundo laboral.\" \/>\n<meta name=\"twitter:image\" content=\"https:\/\/cmdic.portablehost3.net\/wp-content\/uploads\/2023\/10\/Postula-a-Practicas-y-Memorias-en-Collahuasi2x-min.jpg\" \/>\n<meta name=\"twitter:label1\" content=\"Est. reading time\" \/>\n\t<meta name=\"twitter:data1\" content=\"2 minutes\" \/>\n<script type=\"application\/ld+json\" class=\"yoast-schema-graph\">{\"@context\":\"https:\/\/schema.org\",\"@graph\":[{\"@type\":\"WebPage\",\"@id\":\"https:\/\/cmdic.portablehost3.net\/trabaja-con-nosotros\/postula-a-practicas-y-memorias-en-collahuasi\/\",\"url\":\"https:\/\/cmdic.portablehost3.net\/trabaja-con-nosotros\/postula-a-practicas-y-memorias-en-collahuasi\/\",\"name\":\"[:es]Postulaciones Pr\u00e1cticas y Memorias Collahuasi[:en]Applications for Collahuasi Internships and Reports[:] | Collahuasi\",\"isPartOf\":{\"@id\":\"https:\/\/cmdic.portablehost3.net\/#website\"},\"primaryImageOfPage\":{\"@id\":\"https:\/\/cmdic.portablehost3.net\/trabaja-con-nosotros\/postula-a-practicas-y-memorias-en-collahuasi\/#primaryimage\"},\"image\":{\"@id\":\"https:\/\/cmdic.portablehost3.net\/trabaja-con-nosotros\/postula-a-practicas-y-memorias-en-collahuasi\/#primaryimage\"},\"thumbnailUrl\":\"https:\/\/cmdic.portablehost3.net\/wp-content\/uploads\/2024\/09\/Foto-Puerto-PM-2024.jpg\",\"datePublished\":\"2023-10-06T07:47:45+00:00\",\"dateModified\":\"2025-10-11T20:21:11+00:00\",\"description\":\"Este programa tiene como objetivo, respecto del inter\u00e9s de los j\u00f3venes, brindarles la oportunidad de aplicar los conocimientos te\u00f3ricos adquiridos en sus estudios profesionales en un entorno real, como una transici\u00f3n al mundo laboral.\",\"breadcrumb\":{\"@id\":\"https:\/\/cmdic.portablehost3.net\/trabaja-con-nosotros\/postula-a-practicas-y-memorias-en-collahuasi\/#breadcrumb\"},\"inLanguage\":\"en-US\",\"potentialAction\":[{\"@type\":\"ReadAction\",\"target\":[\"https:\/\/cmdic.portablehost3.net\/trabaja-con-nosotros\/postula-a-practicas-y-memorias-en-collahuasi\/\"]}]},{\"@type\":\"ImageObject\",\"inLanguage\":\"en-US\",\"@id\":\"https:\/\/cmdic.portablehost3.net\/trabaja-con-nosotros\/postula-a-practicas-y-memorias-en-collahuasi\/#primaryimage\",\"url\":\"https:\/\/cmdic.portablehost3.net\/wp-content\/uploads\/2024\/09\/Foto-Puerto-PM-2024.jpg\",\"contentUrl\":\"https:\/\/cmdic.portablehost3.net\/wp-content\/uploads\/2024\/09\/Foto-Puerto-PM-2024.jpg\",\"width\":1800,\"height\":810},{\"@type\":\"BreadcrumbList\",\"@id\":\"https:\/\/cmdic.portablehost3.net\/trabaja-con-nosotros\/postula-a-practicas-y-memorias-en-collahuasi\/#breadcrumb\",\"itemListElement\":[{\"@type\":\"ListItem\",\"position\":1,\"name\":\"Home\",\"item\":\"https:\/\/cmdic.portablehost3.net\/\"},{\"@type\":\"ListItem\",\"position\":2,\"name\":\"Trabaja con nosotros\",\"item\":\"https:\/\/cmdic.portablehost3.net\/trabaja-con-nosotros\/\"},{\"@type\":\"ListItem\",\"position\":3,\"name\":\"Postulaciones Pr\u00e1cticas y Memorias Collahuasi\"}]},{\"@type\":\"WebSite\",\"@id\":\"https:\/\/cmdic.portablehost3.net\/#website\",\"url\":\"https:\/\/cmdic.portablehost3.net\/\",\"name\":\"Collahuasi\",\"description\":\"Mucho m\u00e1s que Cobre\",\"potentialAction\":[{\"@type\":\"SearchAction\",\"target\":{\"@type\":\"EntryPoint\",\"urlTemplate\":\"https:\/\/cmdic.portablehost3.net\/?s={search_term_string}\"},\"query-input\":{\"@type\":\"PropertyValueSpecification\",\"valueRequired\":true,\"valueName\":\"search_term_string\"}}],\"inLanguage\":\"en-US\"}]}<\/script>\n<!-- \/ Yoast SEO plugin. -->","yoast_head_json":{"title":"[:es]Postulaciones Pr\u00e1cticas y Memorias Collahuasi[:en]Applications for Collahuasi Internships and Reports[:] | Collahuasi","description":"Este programa tiene como objetivo, respecto del inter\u00e9s de los j\u00f3venes, brindarles la oportunidad de aplicar los conocimientos te\u00f3ricos adquiridos en sus estudios profesionales en un entorno real, como una transici\u00f3n al mundo laboral.","robots":{"index":"noindex","follow":"follow","max-snippet":"max-snippet:-1","max-image-preview":"max-image-preview:large","max-video-preview":"max-video-preview:-1"},"og_locale":"en_US","og_type":"article","og_title":"Postula a Pr\u00e1cticas y Memorias en Collahuasi","og_description":"Este programa tiene como objetivo, respecto del inter\u00e9s de los j\u00f3venes, brindarles la oportunidad de aplicar los conocimientos te\u00f3ricos adquiridos en sus estudios profesionales en un entorno real, como una transici\u00f3n al mundo laboral.","og_url":"https:\/\/cmdic.portablehost3.net\/trabaja-con-nosotros\/postula-a-practicas-y-memorias-en-collahuasi\/","og_site_name":"Collahuasi","article_modified_time":"2025-10-11T20:21:11+00:00","og_image":[{"width":2560,"height":1600,"url":"https:\/\/cmdic.portablehost3.net\/wp-content\/uploads\/2023\/10\/Postula-a-Practicas-y-Memorias-en-Collahuasi2x-min.jpg","type":"image\/jpeg"}],"twitter_card":"summary_large_image","twitter_title":"Postula a Pr\u00e1cticas y Memorias en Collahuasi","twitter_description":"Este programa tiene como objetivo, respecto del inter\u00e9s de los j\u00f3venes, brindarles la oportunidad de aplicar los conocimientos te\u00f3ricos adquiridos en sus estudios profesionales en un entorno real, como una transici\u00f3n al mundo laboral.","twitter_image":"https:\/\/cmdic.portablehost3.net\/wp-content\/uploads\/2023\/10\/Postula-a-Practicas-y-Memorias-en-Collahuasi2x-min.jpg","twitter_misc":{"Est. reading time":"2 minutes"},"schema":{"@context":"https:\/\/schema.org","@graph":[{"@type":"WebPage","@id":"https:\/\/cmdic.portablehost3.net\/trabaja-con-nosotros\/postula-a-practicas-y-memorias-en-collahuasi\/","url":"https:\/\/cmdic.portablehost3.net\/trabaja-con-nosotros\/postula-a-practicas-y-memorias-en-collahuasi\/","name":"[:es]Postulaciones Pr\u00e1cticas y Memorias Collahuasi[:en]Applications for Collahuasi Internships and Reports[:] | Collahuasi","isPartOf":{"@id":"https:\/\/cmdic.portablehost3.net\/#website"},"primaryImageOfPage":{"@id":"https:\/\/cmdic.portablehost3.net\/trabaja-con-nosotros\/postula-a-practicas-y-memorias-en-collahuasi\/#primaryimage"},"image":{"@id":"https:\/\/cmdic.portablehost3.net\/trabaja-con-nosotros\/postula-a-practicas-y-memorias-en-collahuasi\/#primaryimage"},"thumbnailUrl":"https:\/\/cmdic.portablehost3.net\/wp-content\/uploads\/2024\/09\/Foto-Puerto-PM-2024.jpg","datePublished":"2023-10-06T07:47:45+00:00","dateModified":"2025-10-11T20:21:11+00:00","description":"Este programa tiene como objetivo, respecto del inter\u00e9s de los j\u00f3venes, brindarles la oportunidad de aplicar los conocimientos te\u00f3ricos adquiridos en sus estudios profesionales en un entorno real, como una transici\u00f3n al mundo laboral.","breadcrumb":{"@id":"https:\/\/cmdic.portablehost3.net\/trabaja-con-nosotros\/postula-a-practicas-y-memorias-en-collahuasi\/#breadcrumb"},"inLanguage":"en-US","potentialAction":[{"@type":"ReadAction","target":["https:\/\/cmdic.portablehost3.net\/trabaja-con-nosotros\/postula-a-practicas-y-memorias-en-collahuasi\/"]}]},{"@type":"ImageObject","inLanguage":"en-US","@id":"https:\/\/cmdic.portablehost3.net\/trabaja-con-nosotros\/postula-a-practicas-y-memorias-en-collahuasi\/#primaryimage","url":"https:\/\/cmdic.portablehost3.net\/wp-content\/uploads\/2024\/09\/Foto-Puerto-PM-2024.jpg","contentUrl":"https:\/\/cmdic.portablehost3.net\/wp-content\/uploads\/2024\/09\/Foto-Puerto-PM-2024.jpg","width":1800,"height":810},{"@type":"BreadcrumbList","@id":"https:\/\/cmdic.portablehost3.net\/trabaja-con-nosotros\/postula-a-practicas-y-memorias-en-collahuasi\/#breadcrumb","itemListElement":[{"@type":"ListItem","position":1,"name":"Home","item":"https:\/\/cmdic.portablehost3.net\/"},{"@type":"ListItem","position":2,"name":"Trabaja con nosotros","item":"https:\/\/cmdic.portablehost3.net\/trabaja-con-nosotros\/"},{"@type":"ListItem","position":3,"name":"Postulaciones Pr\u00e1cticas y Memorias Collahuasi"}]},{"@type":"WebSite","@id":"https:\/\/cmdic.portablehost3.net\/#website","url":"https:\/\/cmdic.portablehost3.net\/","name":"Collahuasi","description":"Mucho m\u00e1s que Cobre","potentialAction":[{"@type":"SearchAction","target":{"@type":"EntryPoint","urlTemplate":"https:\/\/cmdic.portablehost3.net\/?s={search_term_string}"},"query-input":{"@type":"PropertyValueSpecification","valueRequired":true,"valueName":"search_term_string"}}],"inLanguage":"en-US"}]}},"_links":{"self":[{"href":"https:\/\/cmdic.portablehost3.net\/en\/wp-json\/wp\/v2\/pages\/77761","targetHints":{"allow":["GET"]}}],"collection":[{"href":"https:\/\/cmdic.portablehost3.net\/en\/wp-json\/wp\/v2\/pages"}],"about":[{"href":"https:\/\/cmdic.portablehost3.net\/en\/wp-json\/wp\/v2\/types\/page"}],"author":[{"embeddable":true,"href":"https:\/\/cmdic.portablehost3.net\/en\/wp-json\/wp\/v2\/users\/2"}],"replies":[{"embeddable":true,"href":"https:\/\/cmdic.portablehost3.net\/en\/wp-json\/wp\/v2\/comments?post=77761"}],"version-history":[{"count":29,"href":"https:\/\/cmdic.portablehost3.net\/en\/wp-json\/wp\/v2\/pages\/77761\/revisions"}],"predecessor-version":[{"id":79758,"href":"https:\/\/cmdic.portablehost3.net\/en\/wp-json\/wp\/v2\/pages\/77761\/revisions\/79758"}],"up":[{"embeddable":true,"href":"https:\/\/cmdic.portablehost3.net\/en\/wp-json\/wp\/v2\/pages\/48"}],"wp:featuredmedia":[{"embeddable":true,"href":"https:\/\/cmdic.portablehost3.net\/en\/wp-json\/wp\/v2\/media\/78684"}],"wp:attachment":[{"href":"https:\/\/cmdic.portablehost3.net\/en\/wp-json\/wp\/v2\/media?parent=77761"}],"curies":[{"name":"wp","href":"https:\/\/api.w.org\/{rel}","templated":true}]}}