{"id":54,"date":"2023-08-01T22:04:39","date_gmt":"2023-08-01T22:04:39","guid":{"rendered":"https:\/\/cmdic.portablehost3.net\/?page_id=54"},"modified":"2025-01-30T12:37:25","modified_gmt":"2025-01-30T15:37:25","slug":"politica-de-sustentabilidad","status":"publish","type":"page","link":"https:\/\/cmdic.portablehost3.net\/en\/sustentabilidad\/politica-de-sustentabilidad\/","title":{"rendered":"Sustainability Policy"},"content":{"rendered":"<p>Our sustainability policy is based on the following principles and values:<\/p>\n<ul>\n<li>Principles of the International Council on Mining and Metals (ICMM);<\/li>\n<li>Principles of the Global Compact related to human rights, labor standards, the environment, and the fight against corruption;<\/li>\n<li>The Universal Declaration of Human Rights;<\/li>\n<li>The values of accountability, integrity, and transparency, promoted by the Chilean Chapter of Transparency International (TI).<\/li>\n<\/ul>\n<p>&nbsp;<\/p>\n<h1>Strategic Objective 4: Corporate Sustainability<\/h1>\n<p>Sustainability is a powerful tool for driving productivity, safety, competitiveness, diversity, and regional development, as well as being an ethical imperative for any responsible company. For this reason, we have a sustainability policy applicable to all our activities, aiming to harmonize four key dimensions: business, environment, communities, and people. Additionally, since 2021, we have been implementing an Environmental, Social, and Governance (ESG) management strategy that includes concrete medium- and long-term commitments.<\/p>","protected":false},"excerpt":{"rendered":"<p>Our sustainability policy is based on the following principles and values: Principles of the International Council on Mining and Metals (ICMM); Principles of the Global Compact related to human rights, labor standards, the environment, and the fight against corruption; The Universal Declaration of Human Rights; The values of accountability, integrity, and transparency, promoted by the [&hellip;]<\/p>\n","protected":false},"author":3,"featured_media":510,"parent":50,"menu_order":2,"comment_status":"closed","ping_status":"closed","template":"","meta":{"_acf_changed":false,"footnotes":""},"class_list":["post-54","page","type-page","status-publish","has-post-thumbnail","hentry"],"acf":[],"yoast_head":"<!-- This site is optimized with the Yoast SEO plugin v25.7 - https:\/\/yoast.com\/wordpress\/plugins\/seo\/ -->\n<title>Sustainability Policy | Collahuasi<\/title>\n<meta name=\"description\" content=\"Nuestra pol\u00edtica de sustentabilidad se basa en principios del ICMM, Pacto Global, DDHH y valores de TI. Conoce nuestras pol\u00edticas en medio ambiente, energ\u00eda y recursos h\u00eddricos.\" \/>\n<meta name=\"robots\" content=\"noindex, follow, max-snippet:-1, max-image-preview:large, max-video-preview:-1\" \/>\n<meta property=\"og:locale\" content=\"en_US\" \/>\n<meta property=\"og:type\" content=\"article\" \/>\n<meta property=\"og:title\" content=\"Pol\u00edtica de Sustentabilidad | Collahuasi\" \/>\n<meta property=\"og:description\" content=\"Nuestra pol\u00edtica de sustentabilidad se basa en principios del ICMM, Pacto Global, DDHH y valores de TI. Conoce nuestras pol\u00edticas en medio ambiente, energ\u00eda y recursos h\u00eddricos.\" \/>\n<meta property=\"og:url\" content=\"https:\/\/cmdic.portablehost3.net\/sustentabilidad\/politica-de-sustentabilidad\/\" \/>\n<meta property=\"og:site_name\" content=\"Collahuasi\" \/>\n<meta property=\"article:modified_time\" content=\"2025-01-30T15:37:25+00:00\" \/>\n<meta property=\"og:image\" content=\"https:\/\/cmdic.portablehost3.net\/wp-content\/uploads\/2023\/08\/Politica-de-Sustentabilidad@2x.jpg\" \/>\n\t<meta property=\"og:image:width\" content=\"2560\" \/>\n\t<meta property=\"og:image:height\" content=\"1400\" \/>\n\t<meta property=\"og:image:type\" content=\"image\/jpeg\" \/>\n<meta name=\"twitter:card\" content=\"summary_large_image\" \/>\n<meta name=\"twitter:title\" content=\"Pol\u00edtica de Sustentabilidad | Collahuasi\" \/>\n<meta name=\"twitter:description\" content=\"Nuestra pol\u00edtica de sustentabilidad se basa en principios del ICMM, Pacto Global, DDHH y valores de TI. Conoce nuestras pol\u00edticas en medio ambiente, energ\u00eda y recursos h\u00eddricos.\" \/>\n<meta name=\"twitter:image\" content=\"https:\/\/cmdic.portablehost3.net\/wp-content\/uploads\/2023\/08\/Politica-de-Sustentabilidad@2x.jpg\" \/>\n<meta name=\"twitter:label1\" content=\"Est. reading time\" \/>\n\t<meta name=\"twitter:data1\" content=\"1 minute\" \/>\n<script type=\"application\/ld+json\" class=\"yoast-schema-graph\">{\"@context\":\"https:\/\/schema.org\",\"@graph\":[{\"@type\":\"WebPage\",\"@id\":\"https:\/\/cmdic.portablehost3.net\/sustentabilidad\/politica-de-sustentabilidad\/\",\"url\":\"https:\/\/cmdic.portablehost3.net\/sustentabilidad\/politica-de-sustentabilidad\/\",\"name\":\"[:es]Pol\u00edtica de Sustentabilidad[:en]Sustainability Policy[:] | Collahuasi\",\"isPartOf\":{\"@id\":\"https:\/\/cmdic.portablehost3.net\/#website\"},\"primaryImageOfPage\":{\"@id\":\"https:\/\/cmdic.portablehost3.net\/sustentabilidad\/politica-de-sustentabilidad\/#primaryimage\"},\"image\":{\"@id\":\"https:\/\/cmdic.portablehost3.net\/sustentabilidad\/politica-de-sustentabilidad\/#primaryimage\"},\"thumbnailUrl\":\"https:\/\/cmdic.portablehost3.net\/wp-content\/uploads\/2023\/08\/Politica-de-Sustentabilidad@2x.jpg\",\"datePublished\":\"2023-08-01T22:04:39+00:00\",\"dateModified\":\"2025-01-30T15:37:25+00:00\",\"description\":\"Nuestra pol\u00edtica de sustentabilidad se basa en principios del ICMM, Pacto Global, DDHH y valores de TI. Conoce nuestras pol\u00edticas en medio ambiente, energ\u00eda y recursos h\u00eddricos.\",\"breadcrumb\":{\"@id\":\"https:\/\/cmdic.portablehost3.net\/sustentabilidad\/politica-de-sustentabilidad\/#breadcrumb\"},\"inLanguage\":\"en-US\",\"potentialAction\":[{\"@type\":\"ReadAction\",\"target\":[\"https:\/\/cmdic.portablehost3.net\/sustentabilidad\/politica-de-sustentabilidad\/\"]}]},{\"@type\":\"ImageObject\",\"inLanguage\":\"en-US\",\"@id\":\"https:\/\/cmdic.portablehost3.net\/sustentabilidad\/politica-de-sustentabilidad\/#primaryimage\",\"url\":\"https:\/\/cmdic.portablehost3.net\/wp-content\/uploads\/2023\/08\/Politica-de-Sustentabilidad@2x.jpg\",\"contentUrl\":\"https:\/\/cmdic.portablehost3.net\/wp-content\/uploads\/2023\/08\/Politica-de-Sustentabilidad@2x.jpg\",\"width\":2560,\"height\":1400},{\"@type\":\"BreadcrumbList\",\"@id\":\"https:\/\/cmdic.portablehost3.net\/sustentabilidad\/politica-de-sustentabilidad\/#breadcrumb\",\"itemListElement\":[{\"@type\":\"ListItem\",\"position\":1,\"name\":\"Home\",\"item\":\"https:\/\/cmdic.portablehost3.net\/\"},{\"@type\":\"ListItem\",\"position\":2,\"name\":\"Sustentabilidad\",\"item\":\"https:\/\/cmdic.portablehost3.net\/sustentabilidad\/\"},{\"@type\":\"ListItem\",\"position\":3,\"name\":\"Pol\u00edtica de Sustentabilidad\"}]},{\"@type\":\"WebSite\",\"@id\":\"https:\/\/cmdic.portablehost3.net\/#website\",\"url\":\"https:\/\/cmdic.portablehost3.net\/\",\"name\":\"Collahuasi\",\"description\":\"Mucho m\u00e1s que Cobre\",\"potentialAction\":[{\"@type\":\"SearchAction\",\"target\":{\"@type\":\"EntryPoint\",\"urlTemplate\":\"https:\/\/cmdic.portablehost3.net\/?s={search_term_string}\"},\"query-input\":{\"@type\":\"PropertyValueSpecification\",\"valueRequired\":true,\"valueName\":\"search_term_string\"}}],\"inLanguage\":\"en-US\"}]}<\/script>\n<!-- \/ Yoast SEO plugin. -->","yoast_head_json":{"title":"[:es]Pol\u00edtica de Sustentabilidad[:en]Sustainability Policy[:] | Collahuasi","description":"Nuestra pol\u00edtica de sustentabilidad se basa en principios del ICMM, Pacto Global, DDHH y valores de TI. Conoce nuestras pol\u00edticas en medio ambiente, energ\u00eda y recursos h\u00eddricos.","robots":{"index":"noindex","follow":"follow","max-snippet":"max-snippet:-1","max-image-preview":"max-image-preview:large","max-video-preview":"max-video-preview:-1"},"og_locale":"en_US","og_type":"article","og_title":"Pol\u00edtica de Sustentabilidad | Collahuasi","og_description":"Nuestra pol\u00edtica de sustentabilidad se basa en principios del ICMM, Pacto Global, DDHH y valores de TI. Conoce nuestras pol\u00edticas en medio ambiente, energ\u00eda y recursos h\u00eddricos.","og_url":"https:\/\/cmdic.portablehost3.net\/sustentabilidad\/politica-de-sustentabilidad\/","og_site_name":"Collahuasi","article_modified_time":"2025-01-30T15:37:25+00:00","og_image":[{"width":2560,"height":1400,"url":"https:\/\/cmdic.portablehost3.net\/wp-content\/uploads\/2023\/08\/Politica-de-Sustentabilidad@2x.jpg","type":"image\/jpeg"}],"twitter_card":"summary_large_image","twitter_title":"Pol\u00edtica de Sustentabilidad | Collahuasi","twitter_description":"Nuestra pol\u00edtica de sustentabilidad se basa en principios del ICMM, Pacto Global, DDHH y valores de TI. Conoce nuestras pol\u00edticas en medio ambiente, energ\u00eda y recursos h\u00eddricos.","twitter_image":"https:\/\/cmdic.portablehost3.net\/wp-content\/uploads\/2023\/08\/Politica-de-Sustentabilidad@2x.jpg","twitter_misc":{"Est. reading time":"1 minute"},"schema":{"@context":"https:\/\/schema.org","@graph":[{"@type":"WebPage","@id":"https:\/\/cmdic.portablehost3.net\/sustentabilidad\/politica-de-sustentabilidad\/","url":"https:\/\/cmdic.portablehost3.net\/sustentabilidad\/politica-de-sustentabilidad\/","name":"[:es]Pol\u00edtica de Sustentabilidad[:en]Sustainability Policy[:] | Collahuasi","isPartOf":{"@id":"https:\/\/cmdic.portablehost3.net\/#website"},"primaryImageOfPage":{"@id":"https:\/\/cmdic.portablehost3.net\/sustentabilidad\/politica-de-sustentabilidad\/#primaryimage"},"image":{"@id":"https:\/\/cmdic.portablehost3.net\/sustentabilidad\/politica-de-sustentabilidad\/#primaryimage"},"thumbnailUrl":"https:\/\/cmdic.portablehost3.net\/wp-content\/uploads\/2023\/08\/Politica-de-Sustentabilidad@2x.jpg","datePublished":"2023-08-01T22:04:39+00:00","dateModified":"2025-01-30T15:37:25+00:00","description":"Nuestra pol\u00edtica de sustentabilidad se basa en principios del ICMM, Pacto Global, DDHH y valores de TI. Conoce nuestras pol\u00edticas en medio ambiente, energ\u00eda y recursos h\u00eddricos.","breadcrumb":{"@id":"https:\/\/cmdic.portablehost3.net\/sustentabilidad\/politica-de-sustentabilidad\/#breadcrumb"},"inLanguage":"en-US","potentialAction":[{"@type":"ReadAction","target":["https:\/\/cmdic.portablehost3.net\/sustentabilidad\/politica-de-sustentabilidad\/"]}]},{"@type":"ImageObject","inLanguage":"en-US","@id":"https:\/\/cmdic.portablehost3.net\/sustentabilidad\/politica-de-sustentabilidad\/#primaryimage","url":"https:\/\/cmdic.portablehost3.net\/wp-content\/uploads\/2023\/08\/Politica-de-Sustentabilidad@2x.jpg","contentUrl":"https:\/\/cmdic.portablehost3.net\/wp-content\/uploads\/2023\/08\/Politica-de-Sustentabilidad@2x.jpg","width":2560,"height":1400},{"@type":"BreadcrumbList","@id":"https:\/\/cmdic.portablehost3.net\/sustentabilidad\/politica-de-sustentabilidad\/#breadcrumb","itemListElement":[{"@type":"ListItem","position":1,"name":"Home","item":"https:\/\/cmdic.portablehost3.net\/"},{"@type":"ListItem","position":2,"name":"Sustentabilidad","item":"https:\/\/cmdic.portablehost3.net\/sustentabilidad\/"},{"@type":"ListItem","position":3,"name":"Pol\u00edtica de Sustentabilidad"}]},{"@type":"WebSite","@id":"https:\/\/cmdic.portablehost3.net\/#website","url":"https:\/\/cmdic.portablehost3.net\/","name":"Collahuasi","description":"Mucho m\u00e1s que Cobre","potentialAction":[{"@type":"SearchAction","target":{"@type":"EntryPoint","urlTemplate":"https:\/\/cmdic.portablehost3.net\/?s={search_term_string}"},"query-input":{"@type":"PropertyValueSpecification","valueRequired":true,"valueName":"search_term_string"}}],"inLanguage":"en-US"}]}},"_links":{"self":[{"href":"https:\/\/cmdic.portablehost3.net\/en\/wp-json\/wp\/v2\/pages\/54","targetHints":{"allow":["GET"]}}],"collection":[{"href":"https:\/\/cmdic.portablehost3.net\/en\/wp-json\/wp\/v2\/pages"}],"about":[{"href":"https:\/\/cmdic.portablehost3.net\/en\/wp-json\/wp\/v2\/types\/page"}],"author":[{"embeddable":true,"href":"https:\/\/cmdic.portablehost3.net\/en\/wp-json\/wp\/v2\/users\/3"}],"replies":[{"embeddable":true,"href":"https:\/\/cmdic.portablehost3.net\/en\/wp-json\/wp\/v2\/comments?post=54"}],"version-history":[{"count":23,"href":"https:\/\/cmdic.portablehost3.net\/en\/wp-json\/wp\/v2\/pages\/54\/revisions"}],"predecessor-version":[{"id":79018,"href":"https:\/\/cmdic.portablehost3.net\/en\/wp-json\/wp\/v2\/pages\/54\/revisions\/79018"}],"up":[{"embeddable":true,"href":"https:\/\/cmdic.portablehost3.net\/en\/wp-json\/wp\/v2\/pages\/50"}],"wp:featuredmedia":[{"embeddable":true,"href":"https:\/\/cmdic.portablehost3.net\/en\/wp-json\/wp\/v2\/media\/510"}],"wp:attachment":[{"href":"https:\/\/cmdic.portablehost3.net\/en\/wp-json\/wp\/v2\/media?parent=54"}],"curies":[{"name":"wp","href":"https:\/\/api.w.org\/{rel}","templated":true}]}}